{"id":606,"date":"2022-11-17T11:13:23","date_gmt":"2022-11-17T10:13:23","guid":{"rendered":"http:\/\/eipaie.com\/?page_id=606"},"modified":"2022-11-30T13:06:26","modified_gmt":"2022-11-30T12:06:26","slug":"copie","status":"publish","type":"page","link":"https:\/\/eipaie.com\/index.php\/copie\/","title":{"rendered":"\ufffc copie ?"},"content":{"rendered":"\n<div class=\"wp-block-cover alignfull is-light\" style=\"min-height:700px;aspect-ratio:unset;\"><span aria-hidden=\"true\" class=\"wp-block-cover__background has-background-dim-0 has-background-dim\"><\/span><img loading=\"lazy\" decoding=\"async\" width=\"940\" height=\"788\" class=\"wp-block-cover__image-background wp-image-444\" alt=\"\" src=\"http:\/\/eipaie.com\/wp-content\/uploads\/2022\/11\/Sans-titre-1-3.png\" data-object-fit=\"cover\" srcset=\"https:\/\/eipaie.com\/wp-content\/uploads\/2022\/11\/Sans-titre-1-3.png 940w, https:\/\/eipaie.com\/wp-content\/uploads\/2022\/11\/Sans-titre-1-3-300x251.png 300w, https:\/\/eipaie.com\/wp-content\/uploads\/2022\/11\/Sans-titre-1-3-768x644.png 768w\" sizes=\"auto, (max-width: 940px) 100vw, 940px\" \/><div class=\"wp-block-cover__inner-container is-layout-flow wp-block-cover-is-layout-flow\">\n<h1 class=\"has-text-align-center has-nv-dark-bg-color has-text-color has-large-font-size wp-block-heading\"><kbd><strong> <\/strong><\/kbd><\/h1>\n\n\n\n<h1 class=\"has-text-align-center has-text-color wp-block-heading\" style=\"color:#602ff7\">Offre Entreprise<font _mstmutation=\"1\" _msthash=\"0\"><\/font><\/h1>\n\n\n\n<div style=\"height:80px\" aria-hidden=\"true\" class=\"wp-block-spacer\"><\/div>\n\n\n\n<p class=\"has-text-align-center has-text-color\" style=\"color:#121212;font-size:17px\"><kbd><strong>EiPAIE<\/strong> conseille et accompagne  les TPE\/PME, les cr\u00e9ateurs d'entreprise et les associations... <\/kbd><strong>gr\u00e2ce \u00e0 un service de qualit\u00e9 en gestion de la paie et administratif RH<\/strong>.<\/p>\n\n\n\n<p class=\"has-text-align-center has-text-color\" style=\"color:#121212;font-size:17px\"><br><kbd>Ne vous laissez pas d\u00e9passer par la gestion administrative RH, d\u00e9l\u00e9guez le risque d'erreurs.<\/kbd><font _mstmutation=\"1\" _msthash=\"953725\" _msttexthash=\"1205698\"><font _mstmutation=\"1\" _msthash=\"953724\" _msttexthash=\"1205698\" _istranslated=\"1\"><font _mstmutation=\"1\" _msthash=\"953723\" _msttexthash=\"1793506\" _istranslated=\"1\"><font _mstmutation=\"1\" _msthash=\"0\" _istranslated=\"1\"><\/font><\/font><\/font><\/p>\n\n\n\n<div class=\"wp-block-buttons is-horizontal is-content-justification-center is-layout-flex wp-container-core-buttons-is-layout-499968f5 wp-block-buttons-is-layout-flex\">\n<div class=\"wp-block-button is-style-secondary\"><a class=\"wp-block-button__link wp-element-button\" href=\"http:\/\/eipaie.com\/index.php\/15c42-web-agency-gb-contact-us\/\"><kbd>OBTENIR UN DEVIS<\/kbd><font _mstmutation=\"1\" _msthash=\"0\"><\/font><\/a><\/div>\n<\/div>\n\n\n\n<div style=\"height:80px\" aria-hidden=\"true\" class=\"wp-block-spacer\"><\/div>\n\n\n\n<div style=\"height:80px\" aria-hidden=\"true\" class=\"wp-block-spacer\"><\/div>\n<\/div><\/div>\n\n\n\n<div class=\"wp-block-cover alignfull has-parallax\" style=\"min-height:600px;aspect-ratio:unset;\"><span aria-hidden=\"true\" class=\"wp-block-cover__background has-nv-site-bg-background-color has-background-dim-100 has-background-dim\"><\/span><div role=\"img\" class=\"wp-block-cover__image-background wp-image-444 has-parallax\" style=\"background-position:50% 50%;background-image:url(http:\/\/eipaie.com\/wp-content\/uploads\/2022\/11\/Sans-titre-1-3.png)\"><\/div><div class=\"wp-block-cover__inner-container is-layout-flow wp-block-cover-is-layout-flow\">\n<div class=\"wp-block-group\"><div class=\"wp-block-group__inner-container is-layout-flow wp-block-group-is-layout-flow\">\n<div style=\"height:40px\" aria-hidden=\"true\" class=\"wp-block-spacer\"><\/div>\n\n\n\n<div class=\"wp-block-columns are-vertically-aligned-center has-nv-site-bg-background-color has-background is-layout-flex wp-container-core-columns-is-layout-9d6595d7 wp-block-columns-is-layout-flex\">\n<div class=\"wp-block-column is-vertically-aligned-center is-layout-flow wp-block-column-is-layout-flow\" style=\"flex-basis:50%\">\n<figure class=\"wp-block-image size-full\"><img loading=\"lazy\" decoding=\"async\" width=\"500\" height=\"500\" src=\"http:\/\/eipaie.com\/wp-content\/uploads\/2022\/11\/Sans-titre-8.png\" alt=\"\" class=\"wp-image-668\" srcset=\"https:\/\/eipaie.com\/wp-content\/uploads\/2022\/11\/Sans-titre-8.png 500w, https:\/\/eipaie.com\/wp-content\/uploads\/2022\/11\/Sans-titre-8-300x300.png 300w, https:\/\/eipaie.com\/wp-content\/uploads\/2022\/11\/Sans-titre-8-150x150.png 150w\" sizes=\"auto, (max-width: 500px) 100vw, 500px\" \/><\/figure>\n<\/div>\n\n\n\n<div class=\"wp-block-column is-vertically-aligned-center is-layout-flow wp-block-column-is-layout-flow\" style=\"flex-basis:50%\">\n<div style=\"height:20px\" aria-hidden=\"true\" class=\"wp-block-spacer\"><\/div>\n\n\n\n<h2 class=\"has-text-align-left has-neve-text-color-color has-text-color wp-block-heading\">Gestionnaire d\u00e9di\u00e9<\/h2>\n\n\n\n<p class=\"has-text-align-left has-neve-text-color-color has-text-color\" style=\"font-size:17px\">Quoi de mieux qu&#8217;un conseiller qui vous connait pour r\u00e9pondre \u00e0 vos questions. <br>Vous pouvez joindre votre gestionnaire par mail ou sur sa ligne directe du lundi au vendredi de 9H \u00e0 18H.<\/p>\n\n\n\n<div class=\"wp-block-buttons is-horizontal is-content-justification-left is-layout-flex wp-container-core-buttons-is-layout-7e5fce0a wp-block-buttons-is-layout-flex\"><\/div>\n<\/div>\n<\/div>\n<\/div><\/div>\n<\/div><\/div>\n\n\n\n<div class=\"wp-block-cover alignfull has-parallax\" style=\"min-height:600px;aspect-ratio:unset;\"><span aria-hidden=\"true\" class=\"wp-block-cover__background has-nv-site-bg-background-color has-background-dim-100 has-background-dim\"><\/span><div role=\"img\" class=\"wp-block-cover__image-background wp-image-444 has-parallax\" style=\"background-position:50% 50%;background-image:url(http:\/\/eipaie.com\/wp-content\/uploads\/2022\/11\/Sans-titre-1-3.png)\"><\/div><div class=\"wp-block-cover__inner-container is-layout-flow wp-block-cover-is-layout-flow\">\n<div class=\"wp-block-group\"><div class=\"wp-block-group__inner-container is-layout-flow wp-block-group-is-layout-flow\">\n<div style=\"height:80px\" aria-hidden=\"true\" class=\"wp-block-spacer\"><\/div>\n\n\n\n<div class=\"wp-block-columns are-vertically-aligned-center is-layout-flex wp-container-core-columns-is-layout-9d6595d7 wp-block-columns-is-layout-flex\">\n<div class=\"wp-block-column is-vertically-aligned-center is-layout-flow wp-block-column-is-layout-flow\" style=\"flex-basis:50%\">\n<h2 class=\"has-text-align-left has-neve-text-color-color has-text-color wp-block-heading\">Accompagnement des dirigeants<\/h2>\n\n\n\n<p class=\"has-text-align-left has-neve-text-color-color has-text-color\" style=\"font-size:17px\">Le droit du travail \u00e9volue r\u00e9guli\u00e8rement, il faut donc se tenir \u00e0 jour.<br>Nos sp\u00e9cialistes r\u00e9alisent pour vous le suivi de toute la r\u00e9glementation RH. Afin d&#8217;\u00eatre en conformit\u00e9 avec la l\u00e9gislation sociale et conventionnelle <\/p>\n\n\n\n<div class=\"wp-block-buttons is-horizontal is-content-justification-left is-layout-flex wp-container-core-buttons-is-layout-7e5fce0a wp-block-buttons-is-layout-flex\"><\/div>\n\n\n\n<div style=\"height:40px\" aria-hidden=\"true\" class=\"wp-block-spacer\"><\/div>\n<\/div>\n\n\n\n<div class=\"wp-block-column is-vertically-aligned-center is-layout-flow wp-block-column-is-layout-flow\" style=\"flex-basis:50%\">\n<figure class=\"wp-block-image size-full\"><img loading=\"lazy\" decoding=\"async\" width=\"500\" height=\"500\" src=\"http:\/\/eipaie.com\/wp-content\/uploads\/2022\/11\/Sans-titre-7.png\" alt=\"\" class=\"wp-image-663\" srcset=\"https:\/\/eipaie.com\/wp-content\/uploads\/2022\/11\/Sans-titre-7.png 500w, https:\/\/eipaie.com\/wp-content\/uploads\/2022\/11\/Sans-titre-7-300x300.png 300w, https:\/\/eipaie.com\/wp-content\/uploads\/2022\/11\/Sans-titre-7-150x150.png 150w\" sizes=\"auto, (max-width: 500px) 100vw, 500px\" \/><\/figure>\n<\/div>\n<\/div>\n\n\n\n<div style=\"height:40px\" aria-hidden=\"true\" class=\"wp-block-spacer\"><\/div>\n<\/div><\/div>\n<\/div><\/div>\n\n\n\n<div class=\"wp-block-cover alignfull has-parallax\" style=\"min-height:600px;aspect-ratio:unset;\"><span aria-hidden=\"true\" class=\"wp-block-cover__background has-nv-site-bg-background-color has-background-dim-100 has-background-dim\"><\/span><div role=\"img\" class=\"wp-block-cover__image-background wp-image-441 has-parallax\" style=\"background-position:50% 50%;background-image:url(http:\/\/eipaie.com\/wp-content\/uploads\/2022\/11\/Sans-titre-1-1.png)\"><\/div><div class=\"wp-block-cover__inner-container is-layout-flow wp-block-cover-is-layout-flow\">\n<div class=\"wp-block-group\"><div class=\"wp-block-group__inner-container is-layout-flow wp-block-group-is-layout-flow\">\n<div style=\"height:80px\" aria-hidden=\"true\" class=\"wp-block-spacer\"><\/div>\n\n\n\n<div class=\"wp-block-columns are-vertically-aligned-center has-nv-site-bg-background-color has-background is-layout-flex wp-container-core-columns-is-layout-9d6595d7 wp-block-columns-is-layout-flex\">\n<div class=\"wp-block-column is-vertically-aligned-center is-layout-flow wp-block-column-is-layout-flow\" style=\"flex-basis:50%\">\n<figure class=\"wp-block-image size-full\"><img loading=\"lazy\" decoding=\"async\" width=\"500\" height=\"500\" src=\"http:\/\/eipaie.com\/wp-content\/uploads\/2022\/11\/Sans-titre-11.png\" alt=\"\" class=\"wp-image-689\" srcset=\"https:\/\/eipaie.com\/wp-content\/uploads\/2022\/11\/Sans-titre-11.png 500w, https:\/\/eipaie.com\/wp-content\/uploads\/2022\/11\/Sans-titre-11-300x300.png 300w, https:\/\/eipaie.com\/wp-content\/uploads\/2022\/11\/Sans-titre-11-150x150.png 150w\" sizes=\"auto, (max-width: 500px) 100vw, 500px\" \/><figcaption class=\"wp-element-caption\"><font _mstmutation=\"1\" _msthash=\"470782\"><\/figcaption><\/figure>\n<\/div>\n\n\n\n<div class=\"wp-block-column is-vertically-aligned-center is-layout-flow wp-block-column-is-layout-flow\" style=\"flex-basis:50%\">\n<div style=\"height:40px\" aria-hidden=\"true\" class=\"wp-block-spacer\"><\/div>\n\n\n\n<h2 class=\"has-text-align-left has-nv-dark-bg-color has-text-color wp-block-heading\">Offre sur mesure<font _mstmutation=\"1\" _msthash=\"0\"><\/font><\/h2>\n\n\n\n<p class=\"has-nv-dark-bg-color has-text-color\">Nos forfaits incluent l\u2019essentiel de vos besoins. Aucun co\u00fbt suppl\u00e9mentaire pour le param\u00e9trage entreprise et salari\u00e9.<\/p>\n\n\n\n<p class=\"has-text-align-left has-nv-dark-bg-color has-text-color\" style=\"font-size:17px\">Nos tarifs d\u00e9pendent de la taille de votre entreprise et du nombre de salari\u00e9s. Vous payez le prix le plus juste.<\/p>\n\n\n\n<div class=\"wp-block-buttons is-horizontal is-content-justification-left is-layout-flex wp-container-core-buttons-is-layout-7e5fce0a wp-block-buttons-is-layout-flex\">\n<div class=\"wp-block-button\"><a class=\"wp-block-button__link wp-element-button\"><font _mstmutation=\"1\" _msthash=\"1399814\"><\/a><\/div>\n<\/div>\n<\/div>\n<\/div>\n\n\n\n<div style=\"height:50px\" aria-hidden=\"true\" class=\"wp-block-spacer\"><\/div>\n<\/div><\/div>\n<\/div><\/div>\n\n\n\n<p><font _mstmutation=\"1\" _msthash=\"936403\"><\/font><\/p>\n\n\n\n<div class=\"wp-block-cover alignfull is-light\" style=\"min-height:300px;aspect-ratio:unset;\"><span aria-hidden=\"true\" class=\"wp-block-cover__background has-nv-site-bg-background-color has-background-dim-0 has-background-dim\"><\/span><img loading=\"lazy\" decoding=\"async\" width=\"940\" height=\"788\" class=\"wp-block-cover__image-background wp-image-442\" alt=\"\" src=\"http:\/\/eipaie.com\/wp-content\/uploads\/2022\/11\/Sans-titre-1-2.png\" style=\"object-position:10% 6%\" data-object-fit=\"cover\" data-object-position=\"10% 6%\" srcset=\"https:\/\/eipaie.com\/wp-content\/uploads\/2022\/11\/Sans-titre-1-2.png 940w, https:\/\/eipaie.com\/wp-content\/uploads\/2022\/11\/Sans-titre-1-2-300x251.png 300w, https:\/\/eipaie.com\/wp-content\/uploads\/2022\/11\/Sans-titre-1-2-768x644.png 768w\" sizes=\"auto, (max-width: 940px) 100vw, 940px\" \/><div class=\"wp-block-cover__inner-container is-layout-flow wp-block-cover-is-layout-flow\">\n<div class=\"wp-block-cover alignfull is-light has-parallax\" style=\"min-height:621px;aspect-ratio:unset;\"><span aria-hidden=\"true\" class=\"wp-block-cover__background has-nv-site-bg-background-color has-background-dim\"><\/span><div role=\"img\" class=\"wp-block-cover__image-background wp-image-444 has-parallax\" style=\"background-position:50% 50%;background-image:url(http:\/\/eipaie.com\/wp-content\/uploads\/2022\/11\/Sans-titre-1-3.png)\"><\/div><div class=\"wp-block-cover__inner-container is-layout-flow wp-block-cover-is-layout-flow\">\n<div class=\"wp-block-columns has-nv-site-bg-background-color has-background is-layout-flex wp-container-core-columns-is-layout-9d6595d7 wp-block-columns-is-layout-flex\">\n<div class=\"wp-block-column ticss-4ce656f1 is-layout-flow wp-block-column-is-layout-flow\">\n<p class=\"has-text-align-center has-nv-dark-bg-color has-text-color\"><kbd><strong>Gestion de la paie<\/strong><\/kbd><font _mstmutation=\"1\" _msthash=\"1324414\"><\/font><\/p>\n\n\n\n<p class=\"has-neve-text-color-color has-text-color\">&#8211; <kbd>Param\u00e9trage volet social entreprise et salari\u00e9s<\/kbd><\/p>\n\n\n\n<p class=\"has-neve-text-color-color has-text-color\"><font _mstmutation=\"1\" _msthash=\"945932\" _msttexthash=\"12831\">&#8211;<\/font><font _mstmutation=\"1\" _msthash=\"945934\" _msttexthash=\"7644\"> <\/font><kbd>Traitement et calcul de la paie<\/kbd><\/p>\n\n\n\n<p class=\"has-neve-text-color-color has-text-color\"><kbd>-<\/kbd><font _mstmutation=\"1\" _msthash=\"992010\" _msttexthash=\"7644\"> T<\/font><kbd>raitement et calcul des DSN <\/kbd> <\/p>\n\n\n\n<p class=\"has-neve-text-color-color has-text-color\"><font _mstmutation=\"1\" _msthash=\"954356\" _msttexthash=\"11063\">&#8211; <\/font><kbd>Calcul des indemnit\u00e9s de sortie<\/kbd><\/p>\n\n\n\n<p class=\"has-neve-text-color-color has-text-color\"><font _mstmutation=\"1\" _msthash=\"1054612\" _msttexthash=\"12935\">&#8211;<\/font><kbd> Attestations de salaires <\/kbd><font _mstmutation=\"1\" _msthash=\"1\"><\/font><\/p>\n\n\n\n<div style=\"height:20px\" aria-hidden=\"true\" class=\"wp-block-spacer\"><\/div>\n<\/div>\n\n\n\n<div class=\"wp-block-column ticss-f6fc7494 is-layout-flow wp-block-column-is-layout-flow\">\n<p class=\"has-text-align-center has-neve-text-color-color has-text-color\"><kbd><strong>Gestion administratif RH<\/strong><\/kbd><font _mstmutation=\"1\" _msthash=\"2\"><\/font><\/p>\n\n\n\n<p><kbd>- <\/kbd><font _mstmutation=\"1\" _msthash=\"1017531\" _msttexthash=\"18330\"><kbd>Formalit\u00e9s d'embauche ( DPAE, adh\u00e9sion mutuelle, pr\u00e9voyance...)<\/kbd><\/font><font _mstmutation=\"1\" _msthash=\"46540\"><\/font><\/p>\n\n\n\n<p class=\"has-text-align-left has-neve-text-color-color has-text-color\"><font _mstmutation=\"1\" _msthash=\"1033072\" _msttexthash=\"1344837\">&#8211; <\/font><kbd><font _mstmutation=\"1\" _msthash=\"1033072\" _msttexthash=\"1344837\">Accompagnement \u00e0 la r\u00e9daction de contrat<\/font> et avenant<\/kbd><\/p>\n\n\n\n<p class=\"has-text-align-left has-neve-text-color-color has-text-color\"><font _mstmutation=\"1\" _msthash=\"975273\" _msttexthash=\"11271\">&#8211; <\/font><kbd>R\u00e9daction des documents de fin de contrats<\/kbd><\/p>\n\n\n\n<p class=\"has-text-align-left has-neve-text-color-color has-text-color\"><font _mstmutation=\"1\" _msthash=\"1128296\" _msttexthash=\"12935\">&#8211;<\/font><kbd> Suivi des absences, cong\u00e9s, RTT... <\/kbd><font _mstmutation=\"1\" _msthash=\"3\"><\/font><\/p>\n\n\n\n<p class=\"has-neve-text-color-color has-text-color\"><font _mstmutation=\"1\" _msthash=\"4\"><\/font><\/p>\n\n\n\n<div style=\"height:20px\" aria-hidden=\"true\" class=\"wp-block-spacer\"><\/div>\n<\/div>\n\n\n\n<div class=\"wp-block-column ticss-a5b4df29 is-layout-flow wp-block-column-is-layout-flow\">\n<p class=\"has-text-align-center has-neve-text-color-color has-text-color\"><kbd><strong>Juridique<\/strong><\/kbd><\/p>\n\n\n\n<p class=\"has-nv-dark-bg-color has-text-color\"><font _mstmutation=\"1\" _msthash=\"1101477\" _msttexthash=\"12935\">&#8211;<\/font><kbd> Assistante lors des contr\u00f4les des organismes sociaux<\/kbd><\/p>\n\n\n\n<p><font _mstmutation=\"1\" _msthash=\"915889\" _msttexthash=\"12935\">&#8211;<\/font><kbd> Accompagnement \u00e0 la mise en conformit\u00e9 des obligations l\u00e9gales <\/kbd><font _mstmutation=\"1\" _msthash=\"999349\"><\/font><\/p>\n\n\n\n<p class=\"has-nv-dark-bg-color has-text-color\"><font _mstmutation=\"1\" _msthash=\"1076335\" _msttexthash=\"12623\">&#8211; <\/font><kbd>R\u00e9dactions proc\u00e9dure rupture conventionnelle<\/kbd><\/p>\n\n\n\n<p><font _mstmutation=\"1\" _msthash=\"1013351\" _msttexthash=\"11063\">&#8211; <\/font><kbd>Conseil et veille juridique<\/kbd><font _mstmutation=\"1\" _msthash=\"1013350\"><\/font><\/p>\n\n\n\n<p><font _mstmutation=\"1\" _msthash=\"1006512\"><\/font><\/p>\n\n\n\n<p class=\"has-nv-dark-bg-color has-text-color\"><font _mstmutation=\"1\" _msthash=\"46675\"><\/font><\/p>\n\n\n\n<p class=\"has-neve-text-color-color has-text-color\"><font _mstmutation=\"1\" _msthash=\"5\"><\/font><\/p>\n\n\n\n<div style=\"height:20px\" aria-hidden=\"true\" class=\"wp-block-spacer\"><\/div>\n<\/div>\n<\/div>\n\n\n\n<div style=\"height:80px\" aria-hidden=\"true\" class=\"wp-block-spacer\"><\/div>\n\n\n\n<div style=\"height:30px\" aria-hidden=\"true\" class=\"wp-block-spacer\"><\/div>\n<\/div><\/div>\n\n\n\n<div style=\"height:140px\" aria-hidden=\"true\" class=\"wp-block-spacer\"><\/div>\n\n\n\n<h2 class=\"has-text-align-center has-nv-dark-bg-color has-text-color wp-block-heading\">Vous avez une question, ou vous souhaitez un devis ?<\/h2>\n\n\n\n<p class=\"has-text-align-center has-nv-dark-bg-color has-text-color\"> Nous sommes \u00e0 votre disposition, et sommes joignable par email : <strong>e.gogniat@eipaie.fr ou par t\u00e9l\u00e9phone : 06 22 42 87 74<\/strong><\/p>\n\n\n\n<div class=\"wp-block-buttons is-horizontal is-content-justification-center is-layout-flex wp-container-core-buttons-is-layout-499968f5 wp-block-buttons-is-layout-flex\">\n<div class=\"wp-block-button is-style-primary\"><a class=\"wp-block-button__link has-nv-site-bg-color has-nv-dark-bg-background-color has-text-color has-background wp-element-button\" href=\"http:\/\/eipaie.com\/index.php\/15c42-web-agency-gb-contact-us\/\">CONTACTEZ &#8211; NOUS<\/a><\/div>\n<\/div>\n\n\n\n<div style=\"height:140px\" aria-hidden=\"true\" class=\"wp-block-spacer\"><\/div>\n<\/div><\/div>\n","protected":false},"excerpt":{"rendered":"","protected":false},"author":1,"featured_media":38,"parent":0,"menu_order":0,"comment_status":"closed","ping_status":"closed","template":"","meta":{"neve_meta_sidebar":"default","neve_meta_container":"contained","neve_meta_enable_content_width":"on","neve_meta_content_width":100,"neve_meta_title_alignment":"","neve_meta_author_avatar":"","neve_post_elements_order":"","neve_meta_disable_header":"","neve_meta_disable_footer":"","neve_meta_disable_title":"on","_ti_tpc_template_sync":false,"_ti_tpc_template_id":"cwhkd9lki581rusuhjti","footnotes":""},"class_list":["post-606","page","type-page","status-publish","has-post-thumbnail","hentry"],"_links":{"self":[{"href":"https:\/\/eipaie.com\/index.php\/wp-json\/wp\/v2\/pages\/606","targetHints":{"allow":["GET"]}}],"collection":[{"href":"https:\/\/eipaie.com\/index.php\/wp-json\/wp\/v2\/pages"}],"about":[{"href":"https:\/\/eipaie.com\/index.php\/wp-json\/wp\/v2\/types\/page"}],"author":[{"embeddable":true,"href":"https:\/\/eipaie.com\/index.php\/wp-json\/wp\/v2\/users\/1"}],"replies":[{"embeddable":true,"href":"https:\/\/eipaie.com\/index.php\/wp-json\/wp\/v2\/comments?post=606"}],"version-history":[{"count":15,"href":"https:\/\/eipaie.com\/index.php\/wp-json\/wp\/v2\/pages\/606\/revisions"}],"predecessor-version":[{"id":711,"href":"https:\/\/eipaie.com\/index.php\/wp-json\/wp\/v2\/pages\/606\/revisions\/711"}],"wp:featuredmedia":[{"embeddable":true,"href":"https:\/\/eipaie.com\/index.php\/wp-json\/wp\/v2\/media\/38"}],"wp:attachment":[{"href":"https:\/\/eipaie.com\/index.php\/wp-json\/wp\/v2\/media?parent=606"}],"curies":[{"name":"wp","href":"https:\/\/api.w.org\/{rel}","templated":true}]}}